{"id":1867,"date":"2024-03-28T16:54:29","date_gmt":"2024-03-28T16:54:29","guid":{"rendered":"https:\/\/mestico.pt\/?post_type=product&#038;p=1867"},"modified":"2025-12-16T12:23:52","modified_gmt":"2025-12-16T12:23:52","slug":"bravo","status":"publish","type":"product","link":"https:\/\/mestico.pt\/en\/produto\/bravo\/","title":{"rendered":"Bravo"},"content":{"rendered":"<p>[et_pb_section fb_built=&#8221;1&#8243; _builder_version=&#8221;4.24.2&#8243; _module_preset=&#8221;default&#8221; background_color=&#8221;#b45511&#8243; background_enable_image=&#8221;off&#8221; module_alignment=&#8221;center&#8221; custom_padding=&#8221;0px||0px||false|false&#8221; global_colors_info=&#8221;{}&#8221;][et_pb_row use_custom_gutter=&#8221;on&#8221; gutter_width=&#8221;1&#8243; _builder_version=&#8221;4.24.2&#8243; _module_preset=&#8221;default&#8221; background_color=&#8221;#b45511&#8243; width=&#8221;100%&#8221; module_alignment=&#8221;center&#8221; overflow-x=&#8221;hidden&#8221; custom_margin=&#8221;|||120px|false|false&#8221; custom_padding=&#8221;0px||0px||true|false&#8221; locked=&#8221;off&#8221; global_colors_info=&#8221;{}&#8221;][et_pb_column type=&#8221;4_4&#8243; _builder_version=&#8221;4.24.0&#8243; _module_preset=&#8221;default&#8221; global_colors_info=&#8221;{}&#8221;][brcr_image_carousel is_autoplay=&#8221;off&#8221; is_variable_width=&#8221;on&#8221; slide_width=&#8221;700px&#8221; slide_spacing=&#8221;25px&#8221; use_both_side_spacing=&#8221;off&#8221; is_swipe=&#8221;off&#8221; nav_pos_x=&#8221;19vw&#8221; icon_right=&#8221;&#x24;||divi||400&#8243; slide_width_tablet=&#8221;600px&#8221; slide_width_phone=&#8221;415px&#8221; slide_width_last_edited=&#8221;on|phone&#8221; nav_pos_x_tablet=&#8221;26vw&#8221; nav_pos_x_phone=&#8221;45vw&#8221; nav_pos_x_last_edited=&#8221;on|phone&#8221; _builder_version=&#8221;4.24.3&#8243; _module_preset=&#8221;default&#8221; module_alignment=&#8221;center&#8221; overflow-x=&#8221;hidden&#8221; custom_margin=&#8221;-25px||||false|false&#8221; custom_padding=&#8221;|||5%|false|false&#8221; global_colors_info=&#8221;{}&#8221;][brcr_image_carousel_child photo=&#8221;https:\/\/mestico.pt\/wp-content\/uploads\/2024\/04\/bravo_deta.jpg&#8221; content_alignment=&#8221;center&#8221; content_type=&#8221;absolute&#8221; _builder_version=&#8221;4.24.3&#8243; _module_preset=&#8221;default&#8221; global_colors_info=&#8221;{}&#8221;][\/brcr_image_carousel_child][brcr_image_carousel_child photo=&#8221;https:\/\/mestico.pt\/wp-content\/uploads\/2024\/04\/bravo_front.jpg&#8221; content_alignment=&#8221;center&#8221; content_type=&#8221;absolute&#8221; _builder_version=&#8221;4.24.3&#8243; _module_preset=&#8221;default&#8221; global_colors_info=&#8221;{}&#8221;][\/brcr_image_carousel_child][brcr_image_carousel_child photo=&#8221;https:\/\/mestico.pt\/wp-content\/uploads\/2024\/04\/bravo_side.jpg&#8221; content_alignment=&#8221;center&#8221; content_type=&#8221;absolute&#8221; _builder_version=&#8221;4.24.3&#8243; _module_preset=&#8221;default&#8221; global_colors_info=&#8221;{}&#8221;][\/brcr_image_carousel_child][\/brcr_image_carousel][\/et_pb_column][\/et_pb_row][\/et_pb_section]<\/p>\n","protected":false},"excerpt":{"rendered":"<p>\u00e9 mistura com amor de<br \/>\nLjubomir Stanisic + Luis Pedro + Daniel e Dirk Nieeport<\/p>\n","protected":false},"featured_media":3187,"comment_status":"closed","ping_status":"closed","template":"","meta":{"_acf_changed":false,"_et_pb_use_builder":"on","_et_pb_old_content":"Um bom selvagem. Com humanidade em estado puro, cheira a erva fresca e a ingenuidade. Respira gra\u00e7a com garra. Nativo do mundo, \u00e1vido de natureza. I\u00e7a a coragem como bandeira. \u00c9 Bravo, o b\u00e1rbaro. Ca\u00e7ador recolector de mem\u00f3rias. \u00c0 margem da civiliza\u00e7\u00e3o. Bicho do mato.","_et_gb_content_width":"","wds_primary_product_brand":0,"wds_primary_product_cat":0},"product_brand":[],"product_cat":[38,34],"product_tag":[],"class_list":{"0":"post-1867","1":"product","2":"type-product","3":"status-publish","4":"has-post-thumbnail","6":"product_cat-branco","7":"product_cat-familia-niepoort","9":"first","10":"instock","11":"shipping-taxable","12":"product-type-external"},"acf":[],"_links":{"self":[{"href":"https:\/\/mestico.pt\/en\/wp-json\/wp\/v2\/product\/1867","targetHints":{"allow":["GET"]}}],"collection":[{"href":"https:\/\/mestico.pt\/en\/wp-json\/wp\/v2\/product"}],"about":[{"href":"https:\/\/mestico.pt\/en\/wp-json\/wp\/v2\/types\/product"}],"replies":[{"embeddable":true,"href":"https:\/\/mestico.pt\/en\/wp-json\/wp\/v2\/comments?post=1867"}],"wp:featuredmedia":[{"embeddable":true,"href":"https:\/\/mestico.pt\/en\/wp-json\/wp\/v2\/media\/3187"}],"wp:attachment":[{"href":"https:\/\/mestico.pt\/en\/wp-json\/wp\/v2\/media?parent=1867"}],"wp:term":[{"taxonomy":"product_brand","embeddable":true,"href":"https:\/\/mestico.pt\/en\/wp-json\/wp\/v2\/product_brand?post=1867"},{"taxonomy":"product_cat","embeddable":true,"href":"https:\/\/mestico.pt\/en\/wp-json\/wp\/v2\/product_cat?post=1867"},{"taxonomy":"product_tag","embeddable":true,"href":"https:\/\/mestico.pt\/en\/wp-json\/wp\/v2\/product_tag?post=1867"}],"curies":[{"name":"wp","href":"https:\/\/api.w.org\/{rel}","templated":true}]}}