{"id":1870,"date":"2024-03-28T17:14:14","date_gmt":"2024-03-28T17:14:14","guid":{"rendered":"https:\/\/mestico.pt\/?post_type=product&#038;p=1870"},"modified":"2025-12-16T12:20:29","modified_gmt":"2025-12-16T12:20:29","slug":"curioso","status":"publish","type":"product","link":"https:\/\/mestico.pt\/en\/produto\/curioso\/","title":{"rendered":"Curioso"},"content":{"rendered":"<p>[et_pb_section fb_built=&#8221;1&#8243; _builder_version=&#8221;4.24.2&#8243; _module_preset=&#8221;default&#8221; background_color=&#8221;#b45511&#8243; background_enable_image=&#8221;off&#8221; module_alignment=&#8221;center&#8221; custom_padding=&#8221;0px||0px||false|false&#8221; global_colors_info=&#8221;{}&#8221;][et_pb_row use_custom_gutter=&#8221;on&#8221; gutter_width=&#8221;1&#8243; _builder_version=&#8221;4.24.2&#8243; _module_preset=&#8221;default&#8221; background_color=&#8221;#b45511&#8243; width=&#8221;100%&#8221; module_alignment=&#8221;center&#8221; overflow-x=&#8221;hidden&#8221; custom_margin=&#8221;|||120px|false|false&#8221; custom_padding=&#8221;0px||0px||true|false&#8221; locked=&#8221;off&#8221; global_colors_info=&#8221;{}&#8221;][et_pb_column type=&#8221;4_4&#8243; _builder_version=&#8221;4.24.0&#8243; _module_preset=&#8221;default&#8221; global_colors_info=&#8221;{}&#8221;][brcr_image_carousel is_autoplay=&#8221;off&#8221; is_variable_width=&#8221;on&#8221; slide_width=&#8221;700px&#8221; slide_spacing=&#8221;25px&#8221; use_both_side_spacing=&#8221;off&#8221; is_swipe=&#8221;off&#8221; nav_pos_x=&#8221;19vw&#8221; icon_right=&#8221;&#x24;||divi||400&#8243; slide_width_tablet=&#8221;600px&#8221; slide_width_phone=&#8221;415px&#8221; slide_width_last_edited=&#8221;on|phone&#8221; nav_pos_x_tablet=&#8221;26vw&#8221; nav_pos_x_phone=&#8221;45vw&#8221; nav_pos_x_last_edited=&#8221;on|phone&#8221; _builder_version=&#8221;4.24.3&#8243; _module_preset=&#8221;default&#8221; module_alignment=&#8221;center&#8221; overflow-x=&#8221;hidden&#8221; custom_margin=&#8221;-25px||||false|false&#8221; custom_padding=&#8221;|||5%|false|false&#8221; global_colors_info=&#8221;{}&#8221;][brcr_image_carousel_child photo=&#8221;https:\/\/mestico.pt\/wp-content\/uploads\/2024\/04\/curioso_deta.jpg&#8221; content_alignment=&#8221;center&#8221; content_type=&#8221;absolute&#8221; _builder_version=&#8221;4.24.3&#8243; _module_preset=&#8221;default&#8221; global_colors_info=&#8221;{}&#8221;][\/brcr_image_carousel_child][brcr_image_carousel_child photo=&#8221;https:\/\/mestico.pt\/wp-content\/uploads\/2024\/04\/curioso_front.jpg&#8221; content_alignment=&#8221;center&#8221; content_type=&#8221;absolute&#8221; _builder_version=&#8221;4.24.3&#8243; _module_preset=&#8221;default&#8221; global_colors_info=&#8221;{}&#8221;][\/brcr_image_carousel_child][brcr_image_carousel_child photo=&#8221;https:\/\/mestico.pt\/wp-content\/uploads\/2024\/04\/curioso_side.jpg&#8221; content_alignment=&#8221;center&#8221; content_type=&#8221;absolute&#8221; _builder_version=&#8221;4.24.3&#8243; _module_preset=&#8221;default&#8221; global_colors_info=&#8221;{}&#8221;][\/brcr_image_carousel_child][\/brcr_image_carousel][\/et_pb_column][\/et_pb_row][\/et_pb_section]<\/p>\n","protected":false},"excerpt":{"rendered":"<p>\u00e9 mistura com amor de<br \/>\nLjubomir Stanisic + In\u00eas Cap\u00e3o + Lu\u00eds Louro<\/p>\n","protected":false},"featured_media":3191,"comment_status":"closed","ping_status":"closed","template":"","meta":{"_acf_changed":false,"_et_pb_use_builder":"on","_et_pb_old_content":"Curioso: o que \u00e9 singular. Interessante. Vinho com travo a mel. Um amador, apaixonado, alaranjado. Que cultiva a arte, escreve fora das margens de qualquer etiqueta. Que apanha a coroa de louros, porque vai mais longe. Que se abra\u00e7a a um Louro chamado Lu\u00eds. E deixa a sua marca como uma impress\u00e3o digital. \u00danico, irrepet\u00edvel.","_et_gb_content_width":"","wds_primary_product_brand":0,"wds_primary_product_cat":0},"product_brand":[],"product_cat":[36,38],"product_tag":[],"class_list":{"0":"post-1870","1":"product","2":"type-product","3":"status-publish","4":"has-post-thumbnail","6":"product_cat-adega-monte-branco","7":"product_cat-branco","9":"first","10":"instock","11":"shipping-taxable","12":"product-type-external"},"acf":[],"_links":{"self":[{"href":"https:\/\/mestico.pt\/en\/wp-json\/wp\/v2\/product\/1870","targetHints":{"allow":["GET"]}}],"collection":[{"href":"https:\/\/mestico.pt\/en\/wp-json\/wp\/v2\/product"}],"about":[{"href":"https:\/\/mestico.pt\/en\/wp-json\/wp\/v2\/types\/product"}],"replies":[{"embeddable":true,"href":"https:\/\/mestico.pt\/en\/wp-json\/wp\/v2\/comments?post=1870"}],"wp:featuredmedia":[{"embeddable":true,"href":"https:\/\/mestico.pt\/en\/wp-json\/wp\/v2\/media\/3191"}],"wp:attachment":[{"href":"https:\/\/mestico.pt\/en\/wp-json\/wp\/v2\/media?parent=1870"}],"wp:term":[{"taxonomy":"product_brand","embeddable":true,"href":"https:\/\/mestico.pt\/en\/wp-json\/wp\/v2\/product_brand?post=1870"},{"taxonomy":"product_cat","embeddable":true,"href":"https:\/\/mestico.pt\/en\/wp-json\/wp\/v2\/product_cat?post=1870"},{"taxonomy":"product_tag","embeddable":true,"href":"https:\/\/mestico.pt\/en\/wp-json\/wp\/v2\/product_tag?post=1870"}],"curies":[{"name":"wp","href":"https:\/\/api.w.org\/{rel}","templated":true}]}}